{"id":3403,"date":"2022-09-29T17:07:53","date_gmt":"2022-09-29T14:07:53","guid":{"rendered":"https:\/\/presentor.fi\/?page_id=3403"},"modified":"2025-08-21T09:04:51","modified_gmt":"2025-08-21T06:04:51","slug":"main","status":"publish","type":"page","link":"https:\/\/presentor.fi\/en\/","title":{"rendered":"Presentor"},"content":{"rendered":"<div class=\"wp-block-cover is-light\" style=\"min-height:50vh;aspect-ratio:unset;\"><span aria-hidden=\"true\" class=\"wp-block-cover__background has-background-dim-0 has-background-dim\"><\/span><video class=\"wp-block-cover__video-background intrinsic-ignore\" autoplay muted loop playsinline src=\"https:\/\/presentor.fi\/wp-content\/uploads\/2019\/09\/presentor_herofilmi_palvelut_nobe_15_1920_2mbps.mp4\" data-object-fit=\"cover\"><\/video><div class=\"wp-block-cover__inner-container is-layout-flow wp-block-cover-is-layout-flow\"><div class=\"gb-container gb-container-212feab1\"><div class=\"gb-inside-container\">\n\n<div style=\"height:150px\" aria-hidden=\"true\" class=\"wp-block-spacer hide-on-mobile\"><\/div>\n\n\n\n<div style=\"height:50px\" aria-hidden=\"true\" class=\"wp-block-spacer hide-on-desktop hide-on-tablet\"><\/div>\n\n\n\n<h6 class=\"gb-headline gb-headline-7c692b0f gb-headline-text\">Show off your<br>business.<\/h6>\n\n\n\n<div style=\"height:50px\" aria-hidden=\"true\" class=\"wp-block-spacer hide-on-desktop hide-on-tablet\"><\/div>\n\n\n\n<div style=\"height:150px\" aria-hidden=\"true\" class=\"wp-block-spacer hide-on-mobile\"><\/div>\n\n<\/div><\/div><\/div><\/div>\n\n\n<div class=\"gb-container gb-container-7682f994\"><div class=\"gb-inside-container\">\n\n<div style=\"height:58px\" aria-hidden=\"true\" class=\"wp-block-spacer\"><\/div>\n\n\n\n<h1 class=\"gb-headline gb-headline-0c5594f0 gb-headline-text\">We produce animation videos and presentations for sales and marketing.<\/h1>\n\n\n\n<div style=\"height:6px\" aria-hidden=\"true\" class=\"wp-block-spacer\"><\/div>\n\n\n<div class=\"gb-container gb-container-3a686f3c\"><div class=\"gb-inside-container\">\n\n<div style=\"height:50px\" aria-hidden=\"true\" class=\"wp-block-spacer\"><\/div>\n\n\n\n<div class=\"wp-block-columns is-layout-flex wp-container-core-columns-is-layout-9d6595d7 wp-block-columns-is-layout-flex\">\n<div class=\"wp-block-column is-vertically-aligned-top is-layout-flow wp-block-column-is-layout-flow\"><div class=\"wp-block-image\">\n<figure class=\"aligncenter size-full is-resized\"><a href=\"https:\/\/presentor.fi\/en\/animaatiovideot\/\"><img loading=\"lazy\" decoding=\"async\" width=\"350\" height=\"232\" src=\"https:\/\/presentor.fi\/wp-content\/uploads\/2022\/10\/pre_icon_anim-1.jpg\" alt=\"Presentor - Animation videos\" class=\"wp-image-4167\" style=\"width:125px\" srcset=\"https:\/\/presentor.fi\/wp-content\/uploads\/2022\/10\/pre_icon_anim-1.jpg 350w, https:\/\/presentor.fi\/wp-content\/uploads\/2022\/10\/pre_icon_anim-1-300x199.jpg 300w, https:\/\/presentor.fi\/wp-content\/uploads\/2022\/10\/pre_icon_anim-1-18x12.jpg 18w\" sizes=\"auto, (max-width: 350px) 100vw, 350px\" \/><\/a><\/figure>\n<\/div>\n\n\n<h4 class=\"wp-block-heading has-text-align-center\" style=\"font-size:32px\">Animations<\/h4>\n<\/div>\n\n\n\n<div class=\"wp-block-column is-layout-flow wp-block-column-is-layout-flow\"><div class=\"wp-block-image is-style-default\">\n<figure class=\"aligncenter size-full is-resized\"><a href=\"https:\/\/presentor.fi\/en\/presentaatiot\/\"><img loading=\"lazy\" decoding=\"async\" width=\"350\" height=\"232\" src=\"https:\/\/presentor.fi\/wp-content\/uploads\/2022\/10\/pre_icon_pres-1.jpg\" alt=\"Presentor - Presentations\" class=\"wp-image-4168\" style=\"width:125px\" srcset=\"https:\/\/presentor.fi\/wp-content\/uploads\/2022\/10\/pre_icon_pres-1.jpg 350w, https:\/\/presentor.fi\/wp-content\/uploads\/2022\/10\/pre_icon_pres-1-300x199.jpg 300w, https:\/\/presentor.fi\/wp-content\/uploads\/2022\/10\/pre_icon_pres-1-18x12.jpg 18w\" sizes=\"auto, (max-width: 350px) 100vw, 350px\" \/><\/a><\/figure>\n<\/div>\n\n\n<h4 class=\"wp-block-heading has-text-align-center\" style=\"font-size:32px\">Presentations<\/h4>\n<\/div>\n\n\n\n<div class=\"wp-block-column is-layout-flow wp-block-column-is-layout-flow\"><div class=\"wp-block-image\">\n<figure class=\"aligncenter size-full is-resized\"><a href=\"https:\/\/presentor.fi\/en\/salespresentor\/\"><img loading=\"lazy\" decoding=\"async\" width=\"350\" height=\"232\" src=\"https:\/\/presentor.fi\/wp-content\/uploads\/2022\/10\/pre_icon_sp-1.jpg\" alt=\"Presentor - Sales Presentor\" class=\"wp-image-4169\" style=\"width:125px\" srcset=\"https:\/\/presentor.fi\/wp-content\/uploads\/2022\/10\/pre_icon_sp-1.jpg 350w, https:\/\/presentor.fi\/wp-content\/uploads\/2022\/10\/pre_icon_sp-1-300x199.jpg 300w, https:\/\/presentor.fi\/wp-content\/uploads\/2022\/10\/pre_icon_sp-1-18x12.jpg 18w\" sizes=\"auto, (max-width: 350px) 100vw, 350px\" \/><\/a><\/figure>\n<\/div>\n\n\n<h4 class=\"wp-block-heading has-text-align-center\" style=\"font-size:32px\">Sales Presentor<\/h4>\n<\/div>\n<\/div>\n\n\n\n<div style=\"height:87px\" aria-hidden=\"true\" class=\"wp-block-spacer\"><\/div>\n\n<\/div><\/div>\n<\/div><\/div>\n\n<div class=\"gb-container gb-container-0eef7e5e\"><div class=\"gb-inside-container\">\n\n<div style=\"height:100px\" aria-hidden=\"true\" class=\"wp-block-spacer\"><\/div>\n\n\n\n<h2 class=\"gb-headline gb-headline-47d5677f gb-headline-text\">Animations<\/h2>\n\n\n\n<p>An animation video explains the basics and key concepts behind your product in just a few minutes. It's a lot easier to succeed in selling when your audience truly understands what your pitch is about.<\/p>\n\n\n\n<p>Your product can be presented credibly and in the best possible light, even if it doesn't yet exist in reality. A high-quality 3d animation video reinforces your brand image and makes your product shine.<\/p>\n\n\n<div class=\"gb-button-wrapper gb-button-wrapper-e3956886 wp-video-popup\">\n\n<span class=\"gb-button gb-button-87c3ec52 gb-button-text\"><strong>Watch video<\/strong><\/span>\n\n<\/div>\n\n\n<div style=\"height:25px\" aria-hidden=\"true\" class=\"wp-block-spacer\"><\/div>\n\n\n\n<figure class=\"gb-block-image gb-block-image-23afae8d\"><a href=\"#\"><img loading=\"lazy\" decoding=\"async\" width=\"1920\" height=\"1080\" class=\"gb-image gb-image-23afae8d wp-video-popup\" src=\"https:\/\/presentor.fi\/wp-content\/uploads\/2022\/10\/thumb_show2-1.jpg\" alt=\"Show, don't tell - Presentor 3d animation videos thumbnail image\"  srcset=\"https:\/\/presentor.fi\/wp-content\/uploads\/2022\/10\/thumb_show2-1.jpg 1920w, https:\/\/presentor.fi\/wp-content\/uploads\/2022\/10\/thumb_show2-1-300x169.jpg 300w, https:\/\/presentor.fi\/wp-content\/uploads\/2022\/10\/thumb_show2-1-1024x576.jpg 1024w, https:\/\/presentor.fi\/wp-content\/uploads\/2022\/10\/thumb_show2-1-768x432.jpg 768w, https:\/\/presentor.fi\/wp-content\/uploads\/2022\/10\/thumb_show2-1-1536x864.jpg 1536w, https:\/\/presentor.fi\/wp-content\/uploads\/2022\/10\/thumb_show2-1-18x10.jpg 18w\" sizes=\"auto, (max-width: 1920px) 100vw, 1920px\" \/><\/a><\/figure>\n\n\n\n\t<div class=\"wp-video-popup-wrapper\">\n\t\t<div class=\"wp-video-popup-close\"><\/div>\n\t\t<iframe class=\"wp-video-popup-video is-hosted is-landscape is-resizable\" src=\"\" data-wp-video-popup-url=\"https:\/\/youtube.com\/embed\/fFBppxqv7Ak?autoplay=1\" frameborder=\"0\" allowfullscreen allow=\"autoplay\">\n\t\t<\/iframe>\n\t<\/div>\n\t\n\n\n\n<div style=\"height:75px\" aria-hidden=\"true\" class=\"wp-block-spacer\"><\/div>\n\n\n\n<h4 class=\"wp-block-heading\">Why 3d animation video?<\/h4>\n\n\n\n<p>An animation video explains matters in minutes. It's a lot easier to sell when your audience understands what your sales pitch is about.<\/p>\n\n\n<div class=\"gb-container gb-container-fb683d7c\"><div class=\"gb-inside-container\">\n\n<h4 class=\"wp-block-heading has-global-color-8-color has-text-color\" style=\"font-size:32px\">1. Establish understanding<\/h4>\n\n\n\n<p>An animation video explains matters in minutes. It's a lot easier to sell when your audience understands what your sales pitch is about.<\/p>\n\n\n\n<h4 class=\"wp-block-heading has-global-color-8-color has-text-color\" style=\"font-size:32px\">2. Alter reality<\/h4>\n\n\n\n<p>Whether your product is finished or just a sketch on a paper, it can be presented credibly and in the best possible light. Reality is made exactly the way you want it.<\/p>\n\n\n\n<h4 class=\"wp-block-heading has-global-color-8-color has-text-color\" style=\"font-size:32px\">3. Convince your customers<\/h4>\n\n\n\n<p>Make the best impression and convince your customers.<\/p>\n\n<\/div><\/div>\n\n\n<div style=\"height:75px\" aria-hidden=\"true\" class=\"wp-block-spacer\"><\/div>\n\n\n\n<h4 class=\"wp-block-heading\">Download a free animation video guide<\/h4>\n\n\n\n<p>Read more about animation videos and download a free copy of our animation video guide. The animation video workshop is a planning guide and exercise in pdf format. After laying down some basic info in a structured form, you should have a much clearer picture of what it takes and what's next!<\/p>\n\n\n\n<p><strong><a href=\"https:\/\/presentor.fi\/en\/animaatiovideot\/\" >Animation video guide<\/a><\/strong><\/p>\n\n\n<div class=\"gb-button-wrapper gb-button-wrapper-01eca50b\">\n\n<a class=\"gb-button gb-button-90d435e5 gb-button-text\" href=\"https:\/\/presentor.fi\/en\/animaatiovideot\/\">Read more about animation videos<\/a>\n\n<\/div>\n\n\n<div style=\"height:75px\" aria-hidden=\"true\" class=\"wp-block-spacer\"><\/div>\n\n<\/div><\/div>\n\n<div class=\"gb-container gb-container-92d997dd\"><div class=\"gb-inside-container\">\n\n<div style=\"height:63px\" aria-hidden=\"true\" class=\"wp-block-spacer\"><\/div>\n\n\n\n<h5 class=\"gb-headline gb-headline-30ad6ddd gb-headline-text\"><em><em><em><em>\"Presentor's animation videos are a great way to explain things quickly and easily and succeed in sales.\"<\/em><\/em><\/em><\/em><\/h5>\n\n\n<div class=\"gb-container gb-container-897a708e\"><div class=\"gb-inside-container\"><\/div><\/div>\n\n\n<div style=\"height:20px\" aria-hidden=\"true\" class=\"wp-block-spacer\"><\/div>\n\n\n\n<p class=\"has-text-align-center has-white-color has-text-color\">Fred Larsen, Board Member, Lamor Corporation<\/p>\n\n\n\n<div style=\"height:63px\" aria-hidden=\"true\" class=\"wp-block-spacer\"><\/div>\n\n<\/div><\/div>\n\n<div class=\"gb-container gb-container-e9622b62\"><div class=\"gb-inside-container\">\n<div class=\"gb-container gb-container-261e0c9a\"><div class=\"gb-inside-container\">\n\n<div style=\"height:100px\" aria-hidden=\"true\" class=\"wp-block-spacer\"><\/div>\n\n\n\n<figure class=\"gb-block-image gb-block-image-92ae7899\"><img loading=\"lazy\" decoding=\"async\" width=\"1137\" height=\"1280\" class=\"gb-image gb-image-92ae7899 hide-on-tablet hide-on-desktop\" src=\"https:\/\/presentor.fi\/wp-content\/uploads\/2022\/10\/presentations_mockup3.jpg\" alt=\"Presentations mockup image\"  srcset=\"https:\/\/presentor.fi\/wp-content\/uploads\/2022\/10\/presentations_mockup3.jpg 1137w, https:\/\/presentor.fi\/wp-content\/uploads\/2022\/10\/presentations_mockup3-266x300.jpg 266w, https:\/\/presentor.fi\/wp-content\/uploads\/2022\/10\/presentations_mockup3-910x1024.jpg 910w, https:\/\/presentor.fi\/wp-content\/uploads\/2022\/10\/presentations_mockup3-768x865.jpg 768w, https:\/\/presentor.fi\/wp-content\/uploads\/2022\/10\/presentations_mockup3-11x12.jpg 11w\" sizes=\"auto, (max-width: 1137px) 100vw, 1137px\" \/><\/figure>\n\n\n<div class=\"gb-grid-wrapper gb-grid-wrapper-bbba5b4c\">\n<div class=\"gb-grid-column gb-grid-column-7a855ecb\"><div class=\"gb-container gb-container-7a855ecb\"><div class=\"gb-inside-container\">\n\n<div style=\"height:125px\" aria-hidden=\"true\" class=\"wp-block-spacer hide-on-tablet hide-on-desktop\"><\/div>\n\n\n\n<h2 class=\"gb-headline gb-headline-5589d482 gb-headline-text\">Presentations<\/h2>\n\n\n\n<p>Send us your presentation! We will make your presentations easy to understand and visually stunning.<\/p>\n\n\n\n<p>We will harmonise the layout, simplify and clarify the message and illustrate it with high-quality images, drawings and graphs where necessary, and fix the layout and the typography. We carry out assignments reliably, on an hourly basis and with a fast response time.<\/p>\n\n\n\n<p>If required, we can create an easy-to-use Powerpoint template for your company, design a graphic identity and implement the entire branding with all the graphic guidelines.<\/p>\n\n\n\n<a class=\"gb-button gb-button-19d7c161 gb-button-text\" href=\"https:\/\/presentor.fi\/en\/presentaatiot\/\">Read more <\/a>\n\n\n\n<div style=\"height:171px\" aria-hidden=\"true\" class=\"wp-block-spacer\"><\/div>\n\n<\/div><\/div><\/div>\n\n<div class=\"gb-grid-column gb-grid-column-7f2b3cef\"><div class=\"gb-container gb-container-7f2b3cef hide-on-mobile\"><div class=\"gb-inside-container\">\n\n<div style=\"height:50px\" aria-hidden=\"true\" class=\"wp-block-spacer\"><\/div>\n\n\n\n<figure class=\"gb-block-image gb-block-image-85147c35\"><img loading=\"lazy\" decoding=\"async\" width=\"1137\" height=\"1280\" class=\"gb-image gb-image-85147c35\" src=\"https:\/\/presentor.fi\/wp-content\/uploads\/2022\/10\/presentations_mockup3.jpg\" alt=\"Presentations mockup image\"  srcset=\"https:\/\/presentor.fi\/wp-content\/uploads\/2022\/10\/presentations_mockup3.jpg 1137w, https:\/\/presentor.fi\/wp-content\/uploads\/2022\/10\/presentations_mockup3-266x300.jpg 266w, https:\/\/presentor.fi\/wp-content\/uploads\/2022\/10\/presentations_mockup3-910x1024.jpg 910w, https:\/\/presentor.fi\/wp-content\/uploads\/2022\/10\/presentations_mockup3-768x865.jpg 768w, https:\/\/presentor.fi\/wp-content\/uploads\/2022\/10\/presentations_mockup3-11x12.jpg 11w\" sizes=\"auto, (max-width: 1137px) 100vw, 1137px\" \/><\/figure>\n\n\n\n<div style=\"height:50px\" aria-hidden=\"true\" class=\"wp-block-spacer\"><\/div>\n\n<\/div><\/div><\/div>\n<\/div>\n<\/div><\/div>\n<\/div><\/div>\n\n<div class=\"gb-container gb-container-92d997dd\"><div class=\"gb-inside-container\">\n\n<div style=\"height:85px\" aria-hidden=\"true\" class=\"wp-block-spacer\"><\/div>\n\n\n\n<h5 class=\"gb-headline gb-headline-30ad6ddd gb-headline-text\"><em><em><em>You&#8217;ll never get a second chance to make the first impression.&#8221;<\/em><\/em><\/em><\/h5>\n\n\n<div class=\"gb-container gb-container-897a708e\"><div class=\"gb-inside-container\"><\/div><\/div>\n\n\n<div style=\"height:20px\" aria-hidden=\"true\" class=\"wp-block-spacer\"><\/div>\n\n\n\n<p class=\"has-text-align-center has-base-3-color has-text-color\">G\u00f6ran Sundholm, Owner, MariGroup<\/p>\n\n\n\n<div style=\"height:63px\" aria-hidden=\"true\" class=\"wp-block-spacer\"><\/div>\n\n<\/div><\/div>\n\n<div class=\"gb-container gb-container-bbf7f71d\"><div class=\"gb-inside-container\">\n\n<div style=\"height:63px\" aria-hidden=\"true\" class=\"wp-block-spacer\"><\/div>\n\n\n\n<h2 class=\"wp-block-heading\">Sales Presentor<\/h2>\n\n\n\n<h3 class=\"wp-block-heading\">A sales presentation tool for your business<\/h3>\n\n\n\n<p>When you want to take your presentations to the next level, we offer you the Sales Presentor tool.<\/p>\n\n\n\n<p>Sales Presentor gathers all the best sales and marketing material under a single app. The sales collateral is easy to find and use because of a well organised, customisable structure. All content is automatically updated and always up to date.<\/p>\n\n\n\n<p>Share your sales presentations to agents, retailers and partners.<\/p>\n\n\n\n<p>Sales Presentor is fully customisable to reflect your company brand - even the name.<\/p>\n\n\n\n<p>Sales Presentor works on iOS, Android, Mac and PC, both on mobile and desktop.<\/p>\n\n\n<div class=\"gb-button-wrapper gb-button-wrapper-e3c90846\">\n\n<a class=\"gb-button gb-button-3a13c3ca gb-button-text\" href=\"https:\/\/presentor.fi\/en\/salespresentor\/\">Read more<\/a>\n\n<\/div>\n\n<div class=\"wp-block-image is-resized\">\n<figure class=\"aligncenter size-large\"><img loading=\"lazy\" decoding=\"async\" width=\"1024\" height=\"683\" src=\"https:\/\/presentor.fi\/wp-content\/uploads\/2022\/09\/mockup_sp_lamor1-1024x683.jpg\" alt=\"Four devices on a reflective white background showing screenshots from LamorReel Sales Presentor presentations\" class=\"wp-image-1757\" srcset=\"https:\/\/presentor.fi\/wp-content\/uploads\/2022\/09\/mockup_sp_lamor1-1024x683.jpg 1024w, https:\/\/presentor.fi\/wp-content\/uploads\/2022\/09\/mockup_sp_lamor1-300x200.jpg 300w, https:\/\/presentor.fi\/wp-content\/uploads\/2022\/09\/mockup_sp_lamor1-768x512.jpg 768w, https:\/\/presentor.fi\/wp-content\/uploads\/2022\/09\/mockup_sp_lamor1-1536x1024.jpg 1536w, https:\/\/presentor.fi\/wp-content\/uploads\/2022\/09\/mockup_sp_lamor1-18x12.jpg 18w, https:\/\/presentor.fi\/wp-content\/uploads\/2022\/09\/mockup_sp_lamor1.jpg 1920w\" sizes=\"auto, (max-width: 1024px) 100vw, 1024px\" \/><\/figure>\n<\/div>\n\n\n<div style=\"height:29px\" aria-hidden=\"true\" class=\"wp-block-spacer\"><\/div>\n\n<\/div><\/div>\n\n<div class=\"gb-container gb-container-2d487f2f\"><div class=\"gb-inside-container\">\n\n<div style=\"height:63px\" aria-hidden=\"true\" class=\"wp-block-spacer\"><\/div>\n\n\n\n<h5 class=\"gb-headline gb-headline-3f1bfcee gb-headline-text\"><em>&#8220;We use the Bystronic Sales App by Presentor extensively and are very happy with it.&#8221;<\/em><\/h5>\n\n\n<div class=\"gb-container gb-container-993b6864\"><div class=\"gb-inside-container\"><\/div><\/div>\n\n\n<div style=\"height:20px\" aria-hidden=\"true\" class=\"wp-block-spacer\"><\/div>\n\n\n\n<p class=\"has-text-align-center has-base-3-color has-text-color\">Michael Kron, Senior Vice President Market Division Northern Europe,&nbsp;<br>Sales Director EMEA, Bystronic Group<\/p>\n\n\n\n<div style=\"height:63px\" aria-hidden=\"true\" class=\"wp-block-spacer\"><\/div>\n\n<\/div><\/div>\n\n<div class=\"gb-container gb-container-7fad3cfb\"><div class=\"gb-inside-container\">\n\n<div style=\"height:68px\" aria-hidden=\"true\" class=\"wp-block-spacer\"><\/div>\n\n\n\n<h2 class=\"wp-block-heading\">How can we help you?<\/h2>\n\n\n\n<h3 class=\"wp-block-heading\">Contact us.<\/h3>\n\n\n<div class=\"gb-grid-wrapper gb-grid-wrapper-b839f517\">\n<div class=\"gb-grid-column gb-grid-column-bb93c2a1\"><div class=\"gb-container gb-container-bb93c2a1\"><div class=\"gb-inside-container\">\n\n<figure class=\"gb-block-image gb-block-image-dc6d3dd6\"><img loading=\"lazy\" decoding=\"async\" width=\"1024\" height=\"1024\" class=\"gb-image gb-image-dc6d3dd6\" src=\"https:\/\/presentor.fi\/wp-content\/uploads\/2023\/03\/teemu.jpg\" alt=\"Teemu Talasmaa\"  srcset=\"https:\/\/presentor.fi\/wp-content\/uploads\/2023\/03\/teemu.jpg 1024w, https:\/\/presentor.fi\/wp-content\/uploads\/2023\/03\/teemu-300x300.jpg 300w, https:\/\/presentor.fi\/wp-content\/uploads\/2023\/03\/teemu-150x150.jpg 150w, https:\/\/presentor.fi\/wp-content\/uploads\/2023\/03\/teemu-768x768.jpg 768w, https:\/\/presentor.fi\/wp-content\/uploads\/2023\/03\/teemu-12x12.jpg 12w\" sizes=\"auto, (max-width: 1024px) 100vw, 1024px\" \/><\/figure>\n\n\n\n<p><\/p>\n\n<\/div><\/div><\/div>\n\n<div class=\"gb-grid-column gb-grid-column-1952aa12\"><div class=\"gb-container gb-container-1952aa12\"><div class=\"gb-inside-container\"><\/div><\/div><\/div>\n\n<div class=\"gb-grid-column gb-grid-column-aa180e9a\"><div class=\"gb-container gb-container-aa180e9a\"><div class=\"gb-inside-container\">\n\n<p><strong>Teemu Talasmaa<\/strong><br>Animation production, Sales Presentor<br>+358445018868<br><a href=\"mailto:teemu@presentor.fi\"><strong>teemu@presentor.fi<\/strong><\/a><\/p>\n\n\n\n<p>With a background in animation and graphics, Teemu leads animation projects and the development of cutting-edge presentation tools, communicating with our clients and getting involved in pretty much everything. He likes to think that he\u2019s pretty good at making complicated matters easier to understand.<\/p>\n\n\n<div class=\"gb-button-wrapper gb-button-wrapper-e3c90846\">\n\n<a class=\"gb-button gb-button-3a13c3ca gb-button-text\" href=\"mailto:teemu@presentor.fi\">Email Teemu<\/a>\n\n<\/div>\n<\/div><\/div><\/div>\n<\/div>\n\n\n<div style=\"height:25px\" aria-hidden=\"true\" class=\"wp-block-spacer\"><\/div>\n\n\n<div class=\"gb-grid-wrapper gb-grid-wrapper-88d28058\">\n<div class=\"gb-grid-column gb-grid-column-ec662ec4\"><div class=\"gb-container gb-container-ec662ec4\"><div class=\"gb-inside-container\">\n\n<figure class=\"gb-block-image gb-block-image-e574bdf8\"><img loading=\"lazy\" decoding=\"async\" width=\"1024\" height=\"1024\" class=\"gb-image gb-image-e574bdf8\" src=\"https:\/\/presentor.fi\/wp-content\/uploads\/2023\/03\/liisa.jpg\" alt=\"Liisa Torniainen\"  srcset=\"https:\/\/presentor.fi\/wp-content\/uploads\/2023\/03\/liisa.jpg 1024w, https:\/\/presentor.fi\/wp-content\/uploads\/2023\/03\/liisa-300x300.jpg 300w, https:\/\/presentor.fi\/wp-content\/uploads\/2023\/03\/liisa-150x150.jpg 150w, https:\/\/presentor.fi\/wp-content\/uploads\/2023\/03\/liisa-768x768.jpg 768w, https:\/\/presentor.fi\/wp-content\/uploads\/2023\/03\/liisa-12x12.jpg 12w\" sizes=\"auto, (max-width: 1024px) 100vw, 1024px\" \/><\/figure>\n\n<\/div><\/div><\/div>\n\n<div class=\"gb-grid-column gb-grid-column-fbf01bd1\"><div class=\"gb-container gb-container-fbf01bd1\"><div class=\"gb-inside-container\"><\/div><\/div><\/div>\n\n<div class=\"gb-grid-column gb-grid-column-8a531c8c\"><div class=\"gb-container gb-container-8a531c8c\"><div class=\"gb-inside-container\">\n\n<p><strong>Liisa Torniainen<\/strong><br>Graphic design, presentations<br>+358445018874<br><strong><a href=\"mailto:liisa@presentor.fi\">liisa@presentor.fi<\/a><\/strong><\/p>\n\n\n\n<p>Liisa is a graphic designer professional with over 20 years of experience in the industry. She\u2019s fast and efficient, delivering top quality work with ease and managing projects and leading teams in the meantime. She is the master of time management and schedules and due to her disciplined way of working, she never forgets a thing.<\/p>\n\n\n<div class=\"gb-button-wrapper gb-button-wrapper-4be96701\">\n\n<a class=\"gb-button gb-button-0f28f3ae gb-button-text\" href=\"mailto:liisa@presentor.fi\">Email Liisa<\/a>\n\n<\/div>\n<\/div><\/div><\/div>\n<\/div>\n\n\n<div style=\"height:68px\" aria-hidden=\"true\" class=\"wp-block-spacer\"><\/div>\n\n<\/div><\/div>","protected":false},"excerpt":{"rendered":"<p>Toteutamme animaatiovideot ja presentaatiot myyntiin ja markkinointiin. Animaatiot Presentaatiot Sales Presentor Animaatiot Hyv\u00e4 animaatiovideo kertoo parissa minuutissa ymm\u00e4rrett\u00e4v\u00e4sti ja vakuuttavasti kuinka asia toimii, mit\u00e4 hy\u00f6ty\u00e4 siit\u00e4 on ja miksi se pit\u00e4isi ostaa. Se saa katsojan omaksumaan perustiedot hyvin lyhyess\u00e4 ajassa. Tuotteesi voidaan esitell\u00e4 uskottavasti ja parhaassa mahdollisessa valossa vaikka se olisi vasta prototyypin asteella. Laadukas &#8230; <a title=\"Presentor\" class=\"read-more\" href=\"https:\/\/presentor.fi\/en\/\" aria-label=\"Read more about Presentor\">Read more<\/a><\/p>","protected":false},"author":2,"featured_media":0,"parent":0,"menu_order":0,"comment_status":"closed","ping_status":"closed","template":"","meta":{"_mi_skip_tracking":false,"_monsterinsights_sitenote_active":false,"_monsterinsights_sitenote_note":"","_monsterinsights_sitenote_category":0,"footnotes":"","_wp_rev_ctl_limit":""},"class_list":["post-3403","page","type-page","status-publish"],"aioseo_notices":[],"_links":{"self":[{"href":"https:\/\/presentor.fi\/en\/wp-json\/wp\/v2\/pages\/3403","targetHints":{"allow":["GET"]}}],"collection":[{"href":"https:\/\/presentor.fi\/en\/wp-json\/wp\/v2\/pages"}],"about":[{"href":"https:\/\/presentor.fi\/en\/wp-json\/wp\/v2\/types\/page"}],"author":[{"embeddable":true,"href":"https:\/\/presentor.fi\/en\/wp-json\/wp\/v2\/users\/2"}],"replies":[{"embeddable":true,"href":"https:\/\/presentor.fi\/en\/wp-json\/wp\/v2\/comments?post=3403"}],"version-history":[{"count":1,"href":"https:\/\/presentor.fi\/en\/wp-json\/wp\/v2\/pages\/3403\/revisions"}],"predecessor-version":[{"id":9781,"href":"https:\/\/presentor.fi\/en\/wp-json\/wp\/v2\/pages\/3403\/revisions\/9781"}],"wp:attachment":[{"href":"https:\/\/presentor.fi\/en\/wp-json\/wp\/v2\/media?parent=3403"}],"curies":[{"name":"wp","href":"https:\/\/api.w.org\/{rel}","templated":true}]}}