{"id":3831,"date":"2022-10-04T19:47:16","date_gmt":"2022-10-04T16:47:16","guid":{"rendered":"https:\/\/presentor.fi\/?page_id=3831"},"modified":"2024-05-29T05:49:23","modified_gmt":"2024-05-29T02:49:23","slug":"animaatiovideot","status":"publish","type":"page","link":"https:\/\/presentor.fi\/en\/animaatiovideot\/","title":{"rendered":"Animations"},"content":{"rendered":"<div class=\"wp-block-cover is-light\" style=\"min-height:50px;aspect-ratio:unset;\"><span aria-hidden=\"true\" class=\"wp-block-cover__background has-background-dim-0 has-background-dim\"><\/span><video class=\"wp-block-cover__video-background intrinsic-ignore\" autoplay muted loop playsinline src=\"https:\/\/presentor.fi\/wp-content\/uploads\/2022\/07\/bladder_1mbps_1920x720.mp4\" data-object-fit=\"cover\"><\/video><div class=\"wp-block-cover__inner-container is-layout-flow wp-block-cover-is-layout-flow\"><div class=\"gb-container gb-container-30599eae\"><div class=\"gb-inside-container\">\n\n<div style=\"height:100px\" aria-hidden=\"true\" class=\"wp-block-spacer hide-on-desktop hide-on-tablet\"><\/div>\n\n\n\n<div style=\"height:300px\" aria-hidden=\"true\" class=\"wp-block-spacer hide-on-mobile\"><\/div>\n\n\n\n<h6 class=\"gb-headline gb-headline-a24f045c gb-headline-text\">Show off your business.<\/h6>\n\n\n\n<div style=\"height:300px\" aria-hidden=\"true\" class=\"wp-block-spacer hide-on-mobile\"><\/div>\n\n\n\n<div style=\"height:100px\" aria-hidden=\"true\" class=\"wp-block-spacer hide-on-desktop hide-on-tablet\"><\/div>\n\n<\/div><\/div><\/div><\/div>\n\n\n<div class=\"gb-container gb-container-055ebbc7\"><div class=\"gb-inside-container\">\n\n<div style=\"height:50px\" aria-hidden=\"true\" class=\"wp-block-spacer\"><\/div>\n\n\n\n<h1 class=\"gb-headline gb-headline-972064ce gb-headline-text\">How to make your client understand why you're better than the competition?<\/h1>\n\n\n\n<div style=\"height:50px\" aria-hidden=\"true\" class=\"wp-block-spacer\"><\/div>\n\n<\/div><\/div>\n\n<div class=\"gb-container gb-container-05195044\"><div class=\"gb-inside-container\">\n\n<div style=\"height:80px\" aria-hidden=\"true\" class=\"wp-block-spacer\"><\/div>\n\n\n\n<h2 class=\"wp-block-heading\">Visualise your product.<\/h2>\n\n\n\n<figure class=\"gb-block-image gb-block-image-0fc922df\"><img loading=\"lazy\" decoding=\"async\" width=\"1920\" height=\"407\" class=\"gb-image gb-image-0fc922df\" src=\"https:\/\/presentor.fi\/wp-content\/uploads\/2022\/09\/lamor_bladder.jpg\" alt=\"Lamor Oil Spill Storage Bladder, a red 8 m oil spill storage bladder on white background\"  srcset=\"https:\/\/presentor.fi\/wp-content\/uploads\/2022\/09\/lamor_bladder.jpg 1920w, https:\/\/presentor.fi\/wp-content\/uploads\/2022\/09\/lamor_bladder-300x64.jpg 300w, https:\/\/presentor.fi\/wp-content\/uploads\/2022\/09\/lamor_bladder-1024x217.jpg 1024w, https:\/\/presentor.fi\/wp-content\/uploads\/2022\/09\/lamor_bladder-768x163.jpg 768w, https:\/\/presentor.fi\/wp-content\/uploads\/2022\/09\/lamor_bladder-1536x326.jpg 1536w, https:\/\/presentor.fi\/wp-content\/uploads\/2022\/09\/lamor_bladder-18x4.jpg 18w\" sizes=\"auto, (max-width: 1920px) 100vw, 1920px\" \/><\/figure>\n\n\n\n<p>An animation video explains the basics and key concepts behind your product in just a few minutes. It's a lot easier to succeed in selling when your audience truly understands what your pitch is about.<\/p>\n\n\n\n<p>Your product can be presented credibly and in the best possible light, even if it doesn't yet exist in reality. A high-quality 3D animation video reinforces your brand image and makes your product shine.<\/p>\n\n\n\n<div style=\"height:80px\" aria-hidden=\"true\" class=\"wp-block-spacer\"><\/div>\n\n<\/div><\/div>\n\n\n<div class=\"wp-block-cover alignfull is-light\"><span aria-hidden=\"true\" class=\"wp-block-cover__background has-background-dim-0 has-background-dim\"><\/span><img loading=\"lazy\" decoding=\"async\" width=\"1920\" height=\"1080\" class=\"wp-block-cover__image-background wp-image-1761\" alt=\"Scenic 3d backdrop for animation video with the sea and a shoreline with cliffs in the distance, horizon and cloudless sky\" src=\"https:\/\/presentor.fi\/wp-content\/uploads\/2022\/09\/lamor_bg_shore.jpg\" data-object-fit=\"cover\" srcset=\"https:\/\/presentor.fi\/wp-content\/uploads\/2022\/09\/lamor_bg_shore.jpg 1920w, https:\/\/presentor.fi\/wp-content\/uploads\/2022\/09\/lamor_bg_shore-300x169.jpg 300w, https:\/\/presentor.fi\/wp-content\/uploads\/2022\/09\/lamor_bg_shore-1024x576.jpg 1024w, https:\/\/presentor.fi\/wp-content\/uploads\/2022\/09\/lamor_bg_shore-768x432.jpg 768w, https:\/\/presentor.fi\/wp-content\/uploads\/2022\/09\/lamor_bg_shore-1536x864.jpg 1536w, https:\/\/presentor.fi\/wp-content\/uploads\/2022\/09\/lamor_bg_shore-18x10.jpg 18w, https:\/\/presentor.fi\/wp-content\/uploads\/2022\/09\/lamor_bg_shore-800x450.jpg 800w\" sizes=\"auto, (max-width: 1920px) 100vw, 1920px\" \/><div class=\"wp-block-cover__inner-container is-layout-flow wp-block-cover-is-layout-flow\"><div class=\"gb-container gb-container-5ed4881c\"><div class=\"gb-inside-container\">\n<div class=\"gb-grid-wrapper gb-grid-wrapper-19caf70c\">\n<div class=\"gb-grid-column gb-grid-column-c8074f90\"><div class=\"gb-container gb-container-c8074f90\"><div class=\"gb-inside-container\">\n\n<div style=\"height:50px\" aria-hidden=\"true\" class=\"wp-block-spacer\"><\/div>\n\n\n\n<h2 class=\"gb-headline gb-headline-045f8608 gb-headline-text\">Visualise your competitive edge.<\/h2>\n\n\n\n<p class=\"has-white-color has-text-color\">Show how your innovation, solution, business model or service works on a larger scale. Demonstrate it graphically, show how it benefits the end customer and convince your audience in just a few minutes.<\/p>\n\n\n\n<p class=\"has-white-color has-text-color\">3D animation makes reality exactly the way you want it.<\/p>\n\n\n\n<figure class=\"wp-block-embed is-type-video is-provider-youtube wp-block-embed-youtube wp-embed-aspect-16-9 wp-has-aspect-ratio\"><div class=\"wp-block-embed__wrapper\">\n<iframe loading=\"lazy\"  width=\"1200\" height=\"675\" src=\"https:\/\/www.youtube.com\/embed\/d5YOLbZRf8w?feature=oembed\" frameborder=\"0\" allow=\"accelerometer; autoplay; clipboard-write; encrypted-media; gyroscope; picture-in-picture; web-share\" allowfullscreen><\/iframe>\n<\/div><\/figure>\n\n\n\n<p class=\"has-white-color has-text-color\">Lamor Corporation: Towable Oil Bladder Systems<\/p>\n\n\n\n<div style=\"height:100px\" aria-hidden=\"true\" class=\"wp-block-spacer\"><\/div>\n\n<\/div><\/div><\/div>\n\n<div class=\"gb-grid-column gb-grid-column-6c6b022c\"><div class=\"gb-container gb-container-6c6b022c\"><div class=\"gb-inside-container\"><\/div><\/div><\/div>\n<\/div>\n<\/div><\/div><\/div><\/div>\n\n\n<div class=\"gb-container gb-container-98002866 alignfull\"><div class=\"gb-inside-container\">\n<div class=\"gb-grid-wrapper gb-grid-wrapper-e37337b4\">\n<div class=\"gb-grid-column gb-grid-column-d31a357d\"><div class=\"gb-container gb-container-d31a357d\"><div class=\"gb-inside-container\">\n\n<div style=\"height:100px\" aria-hidden=\"true\" class=\"wp-block-spacer\"><\/div>\n\n\n\n<figure class=\"wp-block-embed is-type-video is-provider-youtube wp-block-embed-youtube wp-embed-aspect-16-9 wp-has-aspect-ratio\"><div class=\"wp-block-embed__wrapper\">\n<iframe loading=\"lazy\"  width=\"1200\" height=\"675\" src=\"https:\/\/www.youtube.com\/embed\/_L6pUOv9SRU?feature=oembed\" frameborder=\"0\" allow=\"accelerometer; autoplay; clipboard-write; encrypted-media; gyroscope; picture-in-picture; web-share\" allowfullscreen><\/iframe>\n<\/div><\/figure>\n\n\n\n<p class=\"has-white-color has-text-color\">Casagrande Laboratory: Modular CLT Buildings<\/p>\n\n\n\n<div style=\"height:100px\" aria-hidden=\"true\" class=\"wp-block-spacer\"><\/div>\n\n<\/div><\/div><\/div>\n\n<div class=\"gb-grid-column gb-grid-column-06324a29\"><div class=\"gb-container gb-container-06324a29\"><div class=\"gb-inside-container\">\n\n<div style=\"height:100px\" aria-hidden=\"true\" class=\"wp-block-spacer\"><\/div>\n\n\n\n<h2 class=\"gb-headline gb-headline-e92cf117 gb-headline-text\">Establish understanding.<\/h2>\n\n\n\n<p>Without understanding there can be no sales. If your customer doesn't fully understand how your product works or the benefits it brings, they won't buy it. When in doubt, customers unfortunately often hesitate to ask.<\/p>\n\n\n\n<p>Present your business the way it deserves.<\/p>\n\n<\/div><\/div><\/div>\n<\/div>\n<\/div><\/div>\n\n\n<div class=\"wp-block-cover alignfull\"><span aria-hidden=\"true\" class=\"wp-block-cover__background has-background-dim-0 has-background-dim\"><\/span><img loading=\"lazy\" decoding=\"async\" width=\"1920\" height=\"1920\" class=\"wp-block-cover__image-background wp-image-1762\" alt=\"3d render for an animation video of a luxorious ship hallway with MILS emergency lighting, hallway adorned with carpetr and brass handrails\" src=\"https:\/\/presentor.fi\/wp-content\/uploads\/2022\/09\/mils_render_hallway.jpg\" data-object-fit=\"cover\" srcset=\"https:\/\/presentor.fi\/wp-content\/uploads\/2022\/09\/mils_render_hallway.jpg 1920w, https:\/\/presentor.fi\/wp-content\/uploads\/2022\/09\/mils_render_hallway-300x300.jpg 300w, https:\/\/presentor.fi\/wp-content\/uploads\/2022\/09\/mils_render_hallway-1024x1024.jpg 1024w, https:\/\/presentor.fi\/wp-content\/uploads\/2022\/09\/mils_render_hallway-150x150.jpg 150w, https:\/\/presentor.fi\/wp-content\/uploads\/2022\/09\/mils_render_hallway-768x768.jpg 768w, https:\/\/presentor.fi\/wp-content\/uploads\/2022\/09\/mils_render_hallway-1536x1536.jpg 1536w, https:\/\/presentor.fi\/wp-content\/uploads\/2022\/09\/mils_render_hallway-12x12.jpg 12w, https:\/\/presentor.fi\/wp-content\/uploads\/2022\/09\/mils_render_hallway-600x600.jpg 600w\" sizes=\"auto, (max-width: 1920px) 100vw, 1920px\" \/><div class=\"wp-block-cover__inner-container is-layout-flow wp-block-cover-is-layout-flow\"><div class=\"gb-container gb-container-8891917a\"><div class=\"gb-inside-container\">\n<div class=\"gb-grid-wrapper gb-grid-wrapper-51956476\">\n<div class=\"gb-grid-column gb-grid-column-7c698df9\"><div class=\"gb-container gb-container-7c698df9\"><div class=\"gb-inside-container\">\n\n<div style=\"height:100px\" aria-hidden=\"true\" class=\"wp-block-spacer\"><\/div>\n\n\n\n<h2 class=\"gb-headline gb-headline-4c91be9c gb-headline-text\">Make an impression.<\/h2>\n\n\n\n<p>Whether the look is realistic or stylized, a well made animated video is eye-catching and reinforces your brand.<\/p>\n\n\n\n<p class=\"has-white-color has-text-color\">At its best, an animation video is an impressive experience and comparable to a movie trailer. It makes people understand, gives a sense of quality, makes an impression and creates a desire to hear more. It's a wonderful sales tool.<\/p>\n\n\n\n<figure class=\"wp-block-embed is-type-video is-provider-youtube wp-block-embed-youtube wp-embed-aspect-16-9 wp-has-aspect-ratio\"><div class=\"wp-block-embed__wrapper\">\n<iframe loading=\"lazy\"  width=\"1200\" height=\"675\" src=\"https:\/\/www.youtube.com\/embed\/zOcvPXU63VI?feature=oembed\" frameborder=\"0\" allow=\"accelerometer; autoplay; clipboard-write; encrypted-media; gyroscope; picture-in-picture; web-share\" allowfullscreen><\/iframe>\n<\/div><\/figure>\n\n\n\n<p class=\"has-white-color has-text-color\">MariMils: Emergency and Dynamic Evacuation Lighting<\/p>\n\n\n\n<div style=\"height:100px\" aria-hidden=\"true\" class=\"wp-block-spacer\"><\/div>\n\n<\/div><\/div><\/div>\n\n<div class=\"gb-grid-column gb-grid-column-7e05cae8\"><div class=\"gb-container gb-container-7e05cae8\"><div class=\"gb-inside-container\"><\/div><\/div><\/div>\n<\/div>\n<\/div><\/div><\/div><\/div>\n\n\n<div class=\"gb-container gb-container-92d997dd\"><div class=\"gb-inside-container\">\n\n<div style=\"height:63px\" aria-hidden=\"true\" class=\"wp-block-spacer\"><\/div>\n\n\n\n<h5 class=\"gb-headline gb-headline-30ad6ddd gb-headline-text\"><em><em><em><em>\"Presentor's animation videos are a great way to explain things quickly and easily and succeed in sales.\"<\/em><\/em><\/em><\/em><\/h5>\n\n\n<div class=\"gb-container gb-container-897a708e\"><div class=\"gb-inside-container\"><\/div><\/div>\n\n\n<div style=\"height:20px\" aria-hidden=\"true\" class=\"wp-block-spacer\"><\/div>\n\n\n\n<p class=\"has-text-align-center has-white-color has-text-color\">Fred Larsen, Board Member, Lamor Corporation<\/p>\n\n\n\n<div style=\"height:63px\" aria-hidden=\"true\" class=\"wp-block-spacer\"><\/div>\n\n<\/div><\/div>\n\n<div class=\"gb-container gb-container-a1dd2293\"><div class=\"gb-inside-container\">\n\n<div style=\"height:100px\" aria-hidden=\"true\" class=\"wp-block-spacer\"><\/div>\n\n\n\n<h2 class=\"gb-headline gb-headline-71fe7fc3 gb-headline-text\">Creating the animation video<\/h2>\n\n\n\n<p>There are many ways to make an animation video. Most of our work is based on the use of 3D animation, but animation videos can be combined with photographs, video, audio, animated drawings or cartoons and music. Videos can be narrated or subtitled.<\/p>\n\n\n\n<p>Please allow four to eight weeks to finish from the first meeting. Good planning is half the battle.<\/p>\n\n\n<div class=\"gb-grid-wrapper gb-grid-wrapper-cafa3133\">\n<div class=\"gb-grid-column gb-grid-column-887e59ea\"><div class=\"gb-container gb-container-887e59ea\"><div class=\"gb-inside-container\">\n\n<h4 class=\"gb-headline gb-headline-1c046f6b gb-headline-text\">1. Start<\/h4>\n\n\n\n<p>Let's plan together how to best execute your animation video. Price and schedule are agreed upon.<\/p>\n\n\n\n<p>We will start working on the manuscript and preliminary sketches of the style.<\/p>\n\n<\/div><\/div><\/div>\n\n<div class=\"gb-grid-column gb-grid-column-8e52b8a6\"><div class=\"gb-container gb-container-8e52b8a6\"><div class=\"gb-inside-container\">\n\n<h4 class=\"gb-headline gb-headline-b37856bb gb-headline-text\">2. Script<\/h4>\n\n\n\n<p>The script, idea sketches and a more detailed schedule are approved.<\/p>\n\n\n\n<p>After this we can start creating the whole. We will start building the 3d world and animation work.<\/p>\n\n<\/div><\/div><\/div>\n\n<div class=\"gb-grid-column gb-grid-column-c3c8693a\"><div class=\"gb-container gb-container-c3c8693a\"><div class=\"gb-inside-container\">\n\n<h4 class=\"gb-headline gb-headline-ef71d23e gb-headline-text\">3. First draft<\/h4>\n\n\n\n<p>Approving a complete but possibly unfinished animation video.<\/p>\n\n\n\n<p>Finally, we will finalise the animation video based on your comments.<\/p>\n\n<\/div><\/div><\/div>\n\n<div class=\"gb-grid-column gb-grid-column-da52bba1\"><div class=\"gb-container gb-container-da52bba1\"><div class=\"gb-inside-container\">\n\n<h4 class=\"gb-headline gb-headline-1df59504 gb-headline-text\">4. Finish<\/h4>\n\n\n\n<p>The animation video is finished and can now be published! <\/p>\n\n\n\n<p>Any other versions or edits of the animation video? Is it possible to use the produced 3d material in other marketing purposes?<\/p>\n\n<\/div><\/div><\/div>\n<\/div>\n\n\n<div style=\"height:100px\" aria-hidden=\"true\" class=\"wp-block-spacer\"><\/div>\n\n\n<div class=\"gb-container gb-container-e8989da1\"><div class=\"gb-inside-container\">\n\n<p class=\"has-white-color has-text-color\">When creating the animation video, 3d models, graphics and illustrations can be cost-effectively rendered to be used in other applications such as presentations, illustrations and brochures. Different versions or edits of the animation video can be easily created for various purposes.<\/p>\n\n<\/div><\/div>\n\n\n<div style=\"height:100px\" aria-hidden=\"true\" class=\"wp-block-spacer\"><\/div>\n\n<\/div><\/div>\n\n<div class=\"gb-container gb-container-ce73a09f\"><div class=\"gb-inside-container\">\n\n<div style=\"height:80px\" aria-hidden=\"true\" class=\"wp-block-spacer\"><\/div>\n\n\n\n<h2 class=\"wp-block-heading\">Download an animation video guide<\/h2>\n\n\n\n<p>Creating a script for an animation video is easy once the sales message is crystal clear. However, if the sales angle is still a bit foggy, we'll be happy to help you out. We like to think that we're quite good at simplifying complex matters.<\/p>\n\n\n\n<p>Here's a workshop-style animation video guide for your convenience. Its purpose is to make it easier to start planning your own animation video by fleshing out thoughts and ideas to a more concrete form. For example, what should be the main message and target audience for your animation video?<\/p>\n\n\n\n<p>Please print this out on a large paper if possible (we recommend A3 or A2), and allow an hour or so in a peaceful environment. You can start planning on your own or in a small group.<\/p>\n\n\n\n<figure class=\"gb-block-image gb-block-image-4c6d2074\"><img loading=\"lazy\" decoding=\"async\" width=\"1920\" height=\"1280\" class=\"gb-image gb-image-4c6d2074\" src=\"https:\/\/presentor.fi\/wp-content\/uploads\/2022\/09\/2x_a4_AdobeStock_320886303_mockup01.jpg\" alt=\"\"  srcset=\"https:\/\/presentor.fi\/wp-content\/uploads\/2022\/09\/2x_a4_AdobeStock_320886303_mockup01.jpg 1920w, https:\/\/presentor.fi\/wp-content\/uploads\/2022\/09\/2x_a4_AdobeStock_320886303_mockup01-300x200.jpg 300w, https:\/\/presentor.fi\/wp-content\/uploads\/2022\/09\/2x_a4_AdobeStock_320886303_mockup01-1024x683.jpg 1024w, https:\/\/presentor.fi\/wp-content\/uploads\/2022\/09\/2x_a4_AdobeStock_320886303_mockup01-768x512.jpg 768w, https:\/\/presentor.fi\/wp-content\/uploads\/2022\/09\/2x_a4_AdobeStock_320886303_mockup01-1536x1024.jpg 1536w, https:\/\/presentor.fi\/wp-content\/uploads\/2022\/09\/2x_a4_AdobeStock_320886303_mockup01-18x12.jpg 18w\" sizes=\"auto, (max-width: 1920px) 100vw, 1920px\" \/><\/figure>\n\n\n\n<div style=\"height:80px\" aria-hidden=\"true\" class=\"wp-block-spacer\"><\/div>\n\n\n\n<h4 class=\"gb-headline gb-headline-8e1e6d65 gb-headline-text\">Download the animation video planning guide here<\/h4>\n\n\n\n<p><strong><a href=\"https:\/\/presentor.fi\/animaatiovideon_tyopaja_presentor.pdf\" target=\"_blank\" rel=\"noopener\" >Animation video guide<\/a><\/strong> (pdf, in Finnish)<br><strong><a href=\"https:\/\/presentor.fi\/animated_video_workshop_presentor.pdf\" target=\"_blank\" rel=\"noopener\" >Animation video guide<\/a><\/strong><a href=\"https:\/\/presentor.fi\/en\/files\/animated_video_workshop_presentor.pdf\/\" target=\"_blank\" rel=\"noreferrer noopener\"> <\/a>(pdf, in English)<\/p>\n\n\n\n<p>When your idea for an animation video is starting to take shape, please contact us and let's discuss on how to best make it happen.<\/p>\n\n\n\n<div style=\"height:80px\" aria-hidden=\"true\" class=\"wp-block-spacer\"><\/div>\n\n<\/div><\/div>\n\n<div class=\"gb-container gb-container-820e3222\"><div class=\"gb-inside-container\">\n<div class=\"gb-container gb-container-85739f67\"><div class=\"gb-inside-container\">\n\n<div style=\"height:100px\" aria-hidden=\"true\" class=\"wp-block-spacer\"><\/div>\n\n\n\n<h2 class=\"gb-headline gb-headline-7cc05319 gb-headline-text\">Subscribe to our newsletter!<\/h2>\n\n\n\n<p>Would you like to hear more about animation videos in sales and marketing? Please subscribe to our newsletter. We won't spam you, we promise.<\/p>\n\n\n\n<div class=\"wpcf7 no-js\" id=\"wpcf7-f4277-o1\" lang=\"en-US\" dir=\"ltr\" data-wpcf7-id=\"4277\">\n<div class=\"screen-reader-response\"><p role=\"status\" aria-live=\"polite\" aria-atomic=\"true\"><\/p> <ul><\/ul><\/div>\n<form action=\"\/en\/wp-json\/wp\/v2\/pages\/3831#wpcf7-f4277-o1\" method=\"post\" class=\"wpcf7-form init\" aria-label=\"Contact form\" novalidate=\"novalidate\" data-status=\"init\" data-trp-original-action=\"\/en\/wp-json\/wp\/v2\/pages\/3831#wpcf7-f4277-o1\">\n<div style=\"display: none;\">\n<input type=\"hidden\" name=\"_wpcf7\" value=\"4277\" \/>\n<input type=\"hidden\" name=\"_wpcf7_version\" value=\"6.0.6\" \/>\n<input type=\"hidden\" name=\"_wpcf7_locale\" value=\"en_US\" \/>\n<input type=\"hidden\" name=\"_wpcf7_unit_tag\" value=\"wpcf7-f4277-o1\" \/>\n<input type=\"hidden\" name=\"_wpcf7_container_post\" value=\"0\" \/>\n<input type=\"hidden\" name=\"_wpcf7_posted_data_hash\" value=\"\" \/>\n<\/div>\n<p><label> Email<br \/>\n<span class=\"wpcf7-form-control-wrap\" data-name=\"your-email\"><input size=\"40\" maxlength=\"400\" class=\"wpcf7-form-control wpcf7-email wpcf7-validates-as-required wpcf7-text wpcf7-validates-as-email\" aria-required=\"true\" aria-invalid=\"false\" value=\"\" type=\"email\" name=\"your-email\" \/><\/span> <\/label>\n<\/p>\n<p><input class=\"wpcf7-form-control wpcf7-submit has-spinner\" type=\"submit\" value=\"Submit\" \/>\n<\/p><div class=\"wpcf7-response-output\" aria-hidden=\"true\"><\/div>\n<input type=\"hidden\" name=\"trp-form-language\" value=\"en\"\/><\/form>\n<\/div>\n\n\n\n\n<div style=\"height:125px\" aria-hidden=\"true\" class=\"wp-block-spacer\"><\/div>\n\n<\/div><\/div>\n<\/div><\/div>\n\n<div class=\"gb-container gb-container-7fad3cfb\"><div class=\"gb-inside-container\">\n\n<div style=\"height:68px\" aria-hidden=\"true\" class=\"wp-block-spacer\"><\/div>\n\n\n\n<h2 class=\"wp-block-heading\">How can we help you?<\/h2>\n\n\n\n<h3 class=\"wp-block-heading\">Contact us.<\/h3>\n\n\n<div class=\"gb-grid-wrapper gb-grid-wrapper-b839f517\">\n<div class=\"gb-grid-column gb-grid-column-bb93c2a1\"><div class=\"gb-container gb-container-bb93c2a1\"><div class=\"gb-inside-container\">\n\n<figure class=\"gb-block-image gb-block-image-dc6d3dd6\"><img loading=\"lazy\" decoding=\"async\" width=\"1024\" height=\"1024\" class=\"gb-image gb-image-dc6d3dd6\" src=\"https:\/\/presentor.fi\/wp-content\/uploads\/2023\/03\/teemu.jpg\" alt=\"Teemu Talasmaa\"  srcset=\"https:\/\/presentor.fi\/wp-content\/uploads\/2023\/03\/teemu.jpg 1024w, https:\/\/presentor.fi\/wp-content\/uploads\/2023\/03\/teemu-300x300.jpg 300w, https:\/\/presentor.fi\/wp-content\/uploads\/2023\/03\/teemu-150x150.jpg 150w, https:\/\/presentor.fi\/wp-content\/uploads\/2023\/03\/teemu-768x768.jpg 768w, https:\/\/presentor.fi\/wp-content\/uploads\/2023\/03\/teemu-12x12.jpg 12w\" sizes=\"auto, (max-width: 1024px) 100vw, 1024px\" \/><\/figure>\n\n\n\n<p><\/p>\n\n<\/div><\/div><\/div>\n\n<div class=\"gb-grid-column gb-grid-column-1952aa12\"><div class=\"gb-container gb-container-1952aa12\"><div class=\"gb-inside-container\"><\/div><\/div><\/div>\n\n<div class=\"gb-grid-column gb-grid-column-aa180e9a\"><div class=\"gb-container gb-container-aa180e9a\"><div class=\"gb-inside-container\">\n\n<p><strong>Teemu Talasmaa<\/strong><br>Animation production, Sales Presentor<br>+358445018868<br><a href=\"mailto:teemu@presentor.fi\"><strong>teemu@presentor.fi<\/strong><\/a><\/p>\n\n\n\n<p>With a background in animation and graphics, Teemu leads animation projects and the development of cutting-edge presentation tools, communicating with our clients and getting involved in pretty much everything. He likes to think that he\u2019s pretty good at making complicated matters easier to understand.<\/p>\n\n\n<div class=\"gb-button-wrapper gb-button-wrapper-e3c90846\">\n\n<a class=\"gb-button gb-button-3a13c3ca gb-button-text\" href=\"mailto:teemu@presentor.fi\">Email Teemu<\/a>\n\n<\/div>\n<\/div><\/div><\/div>\n<\/div>\n\n\n<div style=\"height:25px\" aria-hidden=\"true\" class=\"wp-block-spacer\"><\/div>\n\n\n<div class=\"gb-grid-wrapper gb-grid-wrapper-88d28058\">\n<div class=\"gb-grid-column gb-grid-column-ec662ec4\"><div class=\"gb-container gb-container-ec662ec4\"><div class=\"gb-inside-container\">\n\n<figure class=\"gb-block-image gb-block-image-e574bdf8\"><img loading=\"lazy\" decoding=\"async\" width=\"1024\" height=\"1024\" class=\"gb-image gb-image-e574bdf8\" src=\"https:\/\/presentor.fi\/wp-content\/uploads\/2023\/03\/liisa.jpg\" alt=\"Liisa Torniainen\"  srcset=\"https:\/\/presentor.fi\/wp-content\/uploads\/2023\/03\/liisa.jpg 1024w, https:\/\/presentor.fi\/wp-content\/uploads\/2023\/03\/liisa-300x300.jpg 300w, https:\/\/presentor.fi\/wp-content\/uploads\/2023\/03\/liisa-150x150.jpg 150w, https:\/\/presentor.fi\/wp-content\/uploads\/2023\/03\/liisa-768x768.jpg 768w, https:\/\/presentor.fi\/wp-content\/uploads\/2023\/03\/liisa-12x12.jpg 12w\" sizes=\"auto, (max-width: 1024px) 100vw, 1024px\" \/><\/figure>\n\n<\/div><\/div><\/div>\n\n<div class=\"gb-grid-column gb-grid-column-fbf01bd1\"><div class=\"gb-container gb-container-fbf01bd1\"><div class=\"gb-inside-container\"><\/div><\/div><\/div>\n\n<div class=\"gb-grid-column gb-grid-column-8a531c8c\"><div class=\"gb-container gb-container-8a531c8c\"><div class=\"gb-inside-container\">\n\n<p><strong>Liisa Torniainen<\/strong><br>Graphic design, presentations<br>+358445018874<br><strong><a href=\"mailto:liisa@presentor.fi\">liisa@presentor.fi<\/a><\/strong><\/p>\n\n\n\n<p>Liisa is a graphic designer professional with over 20 years of experience in the industry. She\u2019s fast and efficient, delivering top quality work with ease and managing projects and leading teams in the meantime. She is the master of time management and schedules and due to her disciplined way of working, she never forgets a thing.<\/p>\n\n\n<div class=\"gb-button-wrapper gb-button-wrapper-4be96701\">\n\n<a class=\"gb-button gb-button-0f28f3ae gb-button-text\" href=\"mailto:liisa@presentor.fi\">Email Liisa<\/a>\n\n<\/div>\n<\/div><\/div><\/div>\n<\/div>\n\n\n<div style=\"height:68px\" aria-hidden=\"true\" class=\"wp-block-spacer\"><\/div>\n\n<\/div><\/div>","protected":false},"excerpt":{"rendered":"<p>Tilaa uutiskirjeemme! Haluatko kuulla lis\u00e4\u00e4 animaatiovideoista myynnin edist\u00e4j\u00e4n\u00e4? Tilaa uutiskirjeemme. Lupaamme, ett\u00e4 emme sp\u00e4mm\u00e4\u00e4.<\/p>","protected":false},"author":2,"featured_media":0,"parent":0,"menu_order":0,"comment_status":"closed","ping_status":"closed","template":"","meta":{"_mi_skip_tracking":false,"_monsterinsights_sitenote_active":false,"_monsterinsights_sitenote_note":"","_monsterinsights_sitenote_category":0,"footnotes":"","_wp_rev_ctl_limit":""},"class_list":["post-3831","page","type-page","status-publish"],"aioseo_notices":[],"_links":{"self":[{"href":"https:\/\/presentor.fi\/en\/wp-json\/wp\/v2\/pages\/3831","targetHints":{"allow":["GET"]}}],"collection":[{"href":"https:\/\/presentor.fi\/en\/wp-json\/wp\/v2\/pages"}],"about":[{"href":"https:\/\/presentor.fi\/en\/wp-json\/wp\/v2\/types\/page"}],"author":[{"embeddable":true,"href":"https:\/\/presentor.fi\/en\/wp-json\/wp\/v2\/users\/2"}],"replies":[{"embeddable":true,"href":"https:\/\/presentor.fi\/en\/wp-json\/wp\/v2\/comments?post=3831"}],"version-history":[{"count":1,"href":"https:\/\/presentor.fi\/en\/wp-json\/wp\/v2\/pages\/3831\/revisions"}],"predecessor-version":[{"id":8099,"href":"https:\/\/presentor.fi\/en\/wp-json\/wp\/v2\/pages\/3831\/revisions\/8099"}],"wp:attachment":[{"href":"https:\/\/presentor.fi\/en\/wp-json\/wp\/v2\/media?parent=3831"}],"curies":[{"name":"wp","href":"https:\/\/api.w.org\/{rel}","templated":true}]}}